{"id":6041,"date":"2024-01-23T11:12:22","date_gmt":"2024-01-23T10:12:22","guid":{"rendered":"https:\/\/romanwilli.com\/?page_id=6041"},"modified":"2024-09-30T13:57:43","modified_gmt":"2024-09-30T11:57:43","slug":"kalu","status":"publish","type":"page","link":"https:\/\/romanwilli.com\/de\/kalu\/","title":{"rendered":"KALU \u2013 Growing Up Wild"},"content":{"rendered":"<div data-elementor-type=\"wp-page\" data-elementor-id=\"6041\" class=\"elementor elementor-6041\">\n\t\t\t\t\t\t<section class=\"elementor-section elementor-top-section elementor-element elementor-element-a8e040f elementor-section-boxed elementor-section-height-default elementor-section-height-default\" data-id=\"a8e040f\" data-element_type=\"section\" data-e-type=\"section\">\n\t\t\t\t\t\t<div class=\"elementor-container elementor-column-gap-default\">\n\t\t\t\t\t<div class=\"elementor-column elementor-col-100 elementor-top-column elementor-element elementor-element-6a319e7\" data-id=\"6a319e7\" data-element_type=\"column\" data-e-type=\"column\">\n\t\t\t<div class=\"elementor-widget-wrap elementor-element-populated\">\n\t\t\t\t\t\t<div class=\"elementor-element elementor-element-7d15839 elementor-widget elementor-widget-heading\" data-id=\"7d15839\" data-element_type=\"widget\" data-e-type=\"widget\" data-widget_type=\"heading.default\">\n\t\t\t\t<div class=\"elementor-widget-container\">\n\t\t\t\t\t<h1 class=\"elementor-heading-title elementor-size-default\">KALU - Growing Up Wild<\/h1>\t\t\t\t<\/div>\n\t\t\t\t<\/div>\n\t\t\t\t<div class=\"elementor-element elementor-element-a7f5edb elementor-widget elementor-widget-heading\" data-id=\"a7f5edb\" data-element_type=\"widget\" data-e-type=\"widget\" data-widget_type=\"heading.default\">\n\t\t\t\t<div class=\"elementor-widget-container\">\n\t\t\t\t\t<h3 class=\"elementor-heading-title elementor-size-default\">Kurzfilm (2023)<\/h3>\t\t\t\t<\/div>\n\t\t\t\t<\/div>\n\t\t\t\t\t<\/div>\n\t\t<\/div>\n\t\t\t\t\t<\/div>\n\t\t<\/section>\n\t\t\t\t<section class=\"elementor-section elementor-top-section elementor-element elementor-element-476d225 elementor-section-full_width elementor-section-height-default elementor-section-height-default\" data-id=\"476d225\" data-element_type=\"section\" data-e-type=\"section\">\n\t\t\t\t\t\t<div class=\"elementor-container elementor-column-gap-default\">\n\t\t\t\t\t<div class=\"elementor-column elementor-col-100 elementor-top-column elementor-element elementor-element-a808dd1\" data-id=\"a808dd1\" data-element_type=\"column\" data-e-type=\"column\">\n\t\t\t<div class=\"elementor-widget-wrap elementor-element-populated\">\n\t\t\t\t\t\t<div class=\"elementor-element elementor-element-7208bcb elementor-widget__width-initial elementor-widget elementor-widget-video\" data-id=\"7208bcb\" data-element_type=\"widget\" data-e-type=\"widget\" data-settings=\"{&quot;youtube_url&quot;:&quot;https:\\\/\\\/youtu.be\\\/YvBBDeLf-jo&quot;,&quot;show_image_overlay&quot;:&quot;yes&quot;,&quot;image_overlay&quot;:{&quot;url&quot;:&quot;https:\\\/\\\/romanwilli.com\\\/wp-content\\\/uploads\\\/thumbnail-1.jpeg&quot;,&quot;id&quot;:6171,&quot;size&quot;:&quot;&quot;,&quot;alt&quot;:&quot;&quot;,&quot;source&quot;:&quot;library&quot;},&quot;video_type&quot;:&quot;youtube&quot;,&quot;controls&quot;:&quot;yes&quot;}\" data-widget_type=\"video.default\">\n\t\t\t\t<div class=\"elementor-widget-container\">\n\t\t\t\t\t\t\t<div class=\"elementor-wrapper elementor-open-inline\">\n\t\t\t<div class=\"elementor-video\"><\/div>\t\t\t\t<div class=\"elementor-custom-embed-image-overlay\" style=\"background-image: url(https:\/\/romanwilli.com\/wp-content\/uploads\/thumbnail-1.jpeg);\">\n\t\t\t\t\t\t\t\t\t\t\t\t\t\t\t\t<div class=\"elementor-custom-embed-play\" role=\"button\" aria-label=\"Video abspielen\" tabindex=\"0\" data-no-translation-aria-label=\"\">\n\t\t\t\t\t\t\t<i aria-hidden=\"true\" class=\"eicon-play\"><\/i>\t\t\t\t\t\t<\/div>\n\t\t\t\t\t\t\t\t\t<\/div>\n\t\t\t\t\t<\/div>\n\t\t\t\t\t\t<\/div>\n\t\t\t\t<\/div>\n\t\t\t\t\t<\/div>\n\t\t<\/div>\n\t\t\t\t\t<\/div>\n\t\t<\/section>\n\t\t<div class=\"elementor-element elementor-element-df0d7df e-flex e-con-boxed e-con e-parent\" data-id=\"df0d7df\" data-element_type=\"container\" data-e-type=\"container\">\n\t\t\t\t\t<div class=\"e-con-inner\">\n\t\t<div class=\"elementor-element elementor-element-a7d957a e-con-full e-flex e-con e-child\" data-id=\"a7d957a\" data-element_type=\"container\" data-e-type=\"container\">\n\t\t\t\t<div class=\"elementor-element elementor-element-c599d38 elementor-widget__width-initial elementor-widget elementor-widget-text-editor\" data-id=\"c599d38\" data-element_type=\"widget\" data-e-type=\"widget\" data-widget_type=\"text-editor.default\">\n\t\t\t\t<div class=\"elementor-widget-container\">\n\t\t\t\t\t\t\t\t\t<p>\"Kalu - Growing Up Wild\" ist ein kurzer Dokumentarfilm \u00fcber die Herausforderungen, denen sich ein Klammeraffenbaby namens Kalu stellen muss, wenn er im Dschungel der Osa-Halbinsel in Costa Rica aufw\u00e4chst. Er muss lernen zu klettern, nach Nahrung zu suchen, zu kommunizieren, sich Raubtieren zu stellen und schwierige Entscheidungen zu treffen, um zu \u00fcberleben. Der Film zeigt die Widerstandsf\u00e4higkeit und Sch\u00f6nheit der Natur und verdeutlicht, wie wichtig es ist, sie f\u00fcr k\u00fcnftige Generationen zu sch\u00fctzen. Der Film wird von George McGavin, einem der f\u00fchrenden Entomologen und Naturforscher Gro\u00dfbritanniens, gesprochen. KALU entstand als Zusammenarbeit mit der BioSur Foundation, einer Nonprofit-Organisation, die sich f\u00fcr den Schutz des Regenwaldes in Costa Rica einsetzt.<br \/><br \/>Dieser Film wird momentan an Filmfestivals gezeigt.<\/p>\t\t\t\t\t\t\t\t<\/div>\n\t\t\t\t<\/div>\n\t\t\t\t<\/div>\n\t\t<div class=\"elementor-element elementor-element-a8b9db4 e-con-full e-flex e-con e-child\" data-id=\"a8b9db4\" data-element_type=\"container\" data-e-type=\"container\">\n\t\t\t\t<div class=\"elementor-element elementor-element-ea6cf98 elementor-widget elementor-widget-image\" data-id=\"ea6cf98\" data-element_type=\"widget\" data-e-type=\"widget\" data-widget_type=\"image.default\">\n\t\t\t\t<div class=\"elementor-widget-container\">\n\t\t\t\t\t\t\t\t\t\t\t\t\t\t\t\t<a href=\"https:\/\/www.imdb.com\/title\/tt27590215\/\" target=\"_blank\">\n\t\t\t\t\t\t\t<img decoding=\"async\" src=\"https:\/\/romanwilli.com\/wp-content\/uploads\/imdb.png\" title=\"\" alt=\"\" loading=\"lazy\" \/>\t\t\t\t\t\t\t\t<\/a>\n\t\t\t\t\t\t\t\t\t\t\t\t\t\t\t<\/div>\n\t\t\t\t<\/div>\n\t\t\t\t<\/div>\n\t\t\t\t\t<\/div>\n\t\t\t\t<\/div>\n\t\t<div class=\"elementor-element elementor-element-beb253d e-flex e-con-boxed e-con e-parent\" data-id=\"beb253d\" data-element_type=\"container\" data-e-type=\"container\">\n\t\t\t\t\t<div class=\"e-con-inner\">\n\t\t<div class=\"elementor-element elementor-element-3927b1b e-flex e-con-boxed e-con e-child\" data-id=\"3927b1b\" data-element_type=\"container\" data-e-type=\"container\">\n\t\t\t\t\t<div class=\"e-con-inner\">\n\t\t\t\t<div class=\"elementor-element elementor-element-857c3d1 elementor-hidden-desktop elementor-hidden-mobile elementor-widget elementor-widget-image\" data-id=\"857c3d1\" data-element_type=\"widget\" data-e-type=\"widget\" data-widget_type=\"image.default\">\n\t\t\t\t<div class=\"elementor-widget-container\">\n\t\t\t\t\t\t\t\t\t\t\t\t\t\t\t<img decoding=\"async\" src=\"https:\/\/romanwilli.com\/wp-content\/uploads\/KALU-Filmposter.jpg\" title=\"\" alt=\"\" loading=\"lazy\" \/>\t\t\t\t\t\t\t\t\t\t\t\t\t\t\t<\/div>\n\t\t\t\t<\/div>\n\t\t\t\t\t<\/div>\n\t\t\t\t<\/div>\n\t\t\t\t\t<\/div>\n\t\t\t\t<\/div>\n\t\t<div class=\"elementor-element elementor-element-cfd6899 e-flex e-con-boxed e-con e-parent\" data-id=\"cfd6899\" data-element_type=\"container\" data-e-type=\"container\">\n\t\t\t\t\t<div class=\"e-con-inner\">\n\t\t<div class=\"elementor-element elementor-element-0208b6a e-con-full e-flex e-con e-child\" data-id=\"0208b6a\" data-element_type=\"container\" data-e-type=\"container\">\n\t\t\t\t<div class=\"elementor-element elementor-element-2eba5fc elementor-widget elementor-widget-image\" data-id=\"2eba5fc\" data-element_type=\"widget\" data-e-type=\"widget\" data-widget_type=\"image.default\">\n\t\t\t\t<div class=\"elementor-widget-container\">\n\t\t\t\t\t\t\t\t\t\t\t\t\t\t\t<img fetchpriority=\"high\" decoding=\"async\" width=\"810\" height=\"1200\" src=\"https:\/\/romanwilli.com\/wp-content\/uploads\/kalu-growing-up-wild.jpg\" class=\"attachment-full size-full wp-image-6643\" alt=\"\" srcset=\"https:\/\/romanwilli.com\/wp-content\/uploads\/kalu-growing-up-wild.jpg 810w, https:\/\/romanwilli.com\/wp-content\/uploads\/kalu-growing-up-wild-203x300.jpg 203w, https:\/\/romanwilli.com\/wp-content\/uploads\/kalu-growing-up-wild-691x1024.jpg 691w, https:\/\/romanwilli.com\/wp-content\/uploads\/kalu-growing-up-wild-768x1138.jpg 768w, https:\/\/romanwilli.com\/wp-content\/uploads\/kalu-growing-up-wild-8x12.jpg 8w, https:\/\/romanwilli.com\/wp-content\/uploads\/kalu-growing-up-wild-250x370.jpg 250w, https:\/\/romanwilli.com\/wp-content\/uploads\/kalu-growing-up-wild-800x1185.jpg 800w, https:\/\/romanwilli.com\/wp-content\/uploads\/kalu-growing-up-wild-500x741.jpg 500w\" sizes=\"(max-width: 810px) 100vw, 810px\" \/>\t\t\t\t\t\t\t\t\t\t\t\t\t\t\t<\/div>\n\t\t\t\t<\/div>\n\t\t\t\t<\/div>\n\t\t<div class=\"elementor-element elementor-element-32a14c3 e-con-full e-flex e-con e-child\" data-id=\"32a14c3\" data-element_type=\"container\" data-e-type=\"container\">\n\t\t\t\t<div class=\"elementor-element elementor-element-cf4adf5 elementor-widget elementor-widget-heading\" data-id=\"cf4adf5\" data-element_type=\"widget\" data-e-type=\"widget\" data-widget_type=\"heading.default\">\n\t\t\t\t<div class=\"elementor-widget-container\">\n\t\t\t\t\t<h3 class=\"elementor-heading-title elementor-size-default\">Cast<\/h3>\t\t\t\t<\/div>\n\t\t\t\t<\/div>\n\t\t\t\t<div class=\"elementor-element elementor-element-1af85df elementor-widget elementor-widget-text-editor\" data-id=\"1af85df\" data-element_type=\"widget\" data-e-type=\"widget\" data-widget_type=\"text-editor.default\">\n\t\t\t\t<div class=\"elementor-widget-container\">\n\t\t\t\t\t\t\t\t\t<p><strong>Ein Film von:<\/strong><br \/>Matteo Clarke &amp; Roman Willi (<a href=\"https:\/\/www.wildreachproductions.com\" target=\"_blank\" rel=\"noopener\">WildReach Productions<\/a>)<\/p><p>\u00a0<\/p><p><strong>In Zusammenarbeit mit:<\/strong><\/p><p>BioSur Foundation<\/p><p>\u00a0<\/p><p><strong>Gesprochen von:<\/strong><\/p><p>George McGavin (ENG) &amp; Mariela Baltodano (ESP)<\/p><p>\u00a0<\/p><p><strong>Musik von:<\/strong><\/p><p>Jack McKenzie<\/p><p>\u00a0<\/p><p><strong>Sound Design von:<\/strong><\/p><p>Marios Themistocleus<\/p><p>\u00a0<\/p><p><strong>Colorgrading by:<\/strong><\/p><p>Karolina Matela<\/p>\t\t\t\t\t\t\t\t<\/div>\n\t\t\t\t<\/div>\n\t\t\t\t<\/div>\n\t\t\t\t\t<\/div>\n\t\t\t\t<\/div>\n\t\t<div class=\"elementor-element elementor-element-2e33032 e-flex e-con-boxed e-con e-parent\" data-id=\"2e33032\" data-element_type=\"container\" data-e-type=\"container\">\n\t\t\t\t\t<div class=\"e-con-inner\">\n\t\t<div class=\"elementor-element elementor-element-b8c078d e-con-full e-flex e-con e-child\" data-id=\"b8c078d\" data-element_type=\"container\" data-e-type=\"container\">\n\t\t\t\t<div class=\"elementor-element elementor-element-b1ea2a6 elementor-widget elementor-widget-text-editor\" data-id=\"b1ea2a6\" data-element_type=\"widget\" data-e-type=\"widget\" data-widget_type=\"text-editor.default\">\n\t\t\t\t<div class=\"elementor-widget-container\">\n\t\t\t\t\t\t\t\t\t<h3>Auszeichnungen<\/h3>\t\t\t\t\t\t\t\t<\/div>\n\t\t\t\t<\/div>\n\t\t\t\t<div class=\"elementor-element elementor-element-c20e01f elementor-widget elementor-widget-text-editor\" data-id=\"c20e01f\" data-element_type=\"widget\" data-e-type=\"widget\" data-widget_type=\"text-editor.default\">\n\t\t\t\t<div class=\"elementor-widget-container\">\n\t\t\t\t\t\t\t\t\t<p>\u2013 \u201cBest Short Documentary\u201d &amp; Nomination for \u201cBest Production\u201d at China Wildlife Image and Video Competition<\/p><p>\u2013 \u201cBest Short Film\u201d at FIIN Festival in Portugal<br \/>\u2013 \u201cBest Wildlife Documentary\u201d &amp; \u201cBest Cinematography\u201d at Discover.Film Awards<br \/>\u2013 \u201cPrix De La R\u00e9alisation\u201d at Festival L\u2019Animal Qui Court<br \/>\u2013 \u201cBest Short Film\u201d at Pridelands Wildlife Film Festival<br \/>\u2013 Second Place in \u201cShort Documentary\u201d at the SIENA Awards 2024<\/p>\t\t\t\t\t\t\t\t<\/div>\n\t\t\t\t<\/div>\n\t\t\t\t<\/div>\n\t\t\t\t\t<\/div>\n\t\t\t\t<\/div>\n\t\t<div class=\"elementor-element elementor-element-0b8ec8b e-flex e-con-boxed e-con e-parent\" data-id=\"0b8ec8b\" data-element_type=\"container\" data-e-type=\"container\">\n\t\t\t\t\t<div class=\"e-con-inner\">\n\t\t<div class=\"elementor-element elementor-element-e1092d1 e-con-full e-flex e-con e-child\" data-id=\"e1092d1\" data-element_type=\"container\" data-e-type=\"container\">\n\t\t\t\t<div class=\"elementor-element elementor-element-aa9f408 elementor-widget elementor-widget-text-editor\" data-id=\"aa9f408\" data-element_type=\"widget\" data-e-type=\"widget\" data-widget_type=\"text-editor.default\">\n\t\t\t\t<div class=\"elementor-widget-container\">\n\t\t\t\t\t\t\t\t\t<h3>Namhafte Filmfestival Auswahlen<\/h3>\t\t\t\t\t\t\t\t<\/div>\n\t\t\t\t<\/div>\n\t\t\t\t<div class=\"elementor-element elementor-element-b237f7f elementor-widget elementor-widget-text-editor\" data-id=\"b237f7f\" data-element_type=\"widget\" data-e-type=\"widget\" data-widget_type=\"text-editor.default\">\n\t\t\t\t<div class=\"elementor-widget-container\">\n\t\t\t\t\t\t\t\t\t<p>&#8211; New York WILD Film Festival 2023<br \/>&#8211; Santiago Wild 2024<br \/>&#8211; Wildlife Conservation Film Festival\u00a02023<\/p><p>&#8211; Wildlife Vaasa International Nature Film Festival 2024<\/p><p>&#8211; Wild Earth Oceania 2023<\/p><p>&#8211; S.O.F.A. Film Festival 2023<\/p>\t\t\t\t\t\t\t\t<\/div>\n\t\t\t\t<\/div>\n\t\t\t\t<\/div>\n\t\t\t\t\t<\/div>\n\t\t\t\t<\/div>\n\t\t<div class=\"elementor-element elementor-element-2d34da0 e-flex e-con-boxed e-con e-parent\" data-id=\"2d34da0\" data-element_type=\"container\" data-e-type=\"container\">\n\t\t\t\t\t<div class=\"e-con-inner\">\n\t\t<div class=\"elementor-element elementor-element-803face e-con-full e-flex e-con e-child\" data-id=\"803face\" data-element_type=\"container\" data-e-type=\"container\">\n\t\t\t\t<div class=\"elementor-element elementor-element-f63aecb elementor-widget elementor-widget-text-editor\" data-id=\"f63aecb\" data-element_type=\"widget\" data-e-type=\"widget\" data-widget_type=\"text-editor.default\">\n\t\t\t\t<div class=\"elementor-widget-container\">\n\t\t\t\t\t\t\t\t\t<h3>Reviews<\/h3>\t\t\t\t\t\t\t\t<\/div>\n\t\t\t\t<\/div>\n\t\t\t\t<div class=\"elementor-element elementor-element-6d0cec3 elementor-widget elementor-widget-text-editor\" data-id=\"6d0cec3\" data-element_type=\"widget\" data-e-type=\"widget\" data-widget_type=\"text-editor.default\">\n\t\t\t\t<div class=\"elementor-widget-container\">\n\t\t\t\t\t\t\t\t\t<p>\u2013<a href=\"https:\/\/www.apexfilmawards.com\/2023-season-3-kalu-growing-up-wild\" target=\"_blank\" rel=\"noopener\"> Apex Film Awards<\/a><\/p>\t\t\t\t\t\t\t\t<\/div>\n\t\t\t\t<\/div>\n\t\t\t\t<\/div>\n\t\t\t\t\t<\/div>\n\t\t\t\t<\/div>\n\t\t\t\t<\/div>","protected":false},"excerpt":{"rendered":"<p>KALU &#8211; Growing Up Wild Short Documentary (2023) https:\/\/youtu.be\/YvBBDeLf-jo &#8220;Kalu &#8211; Growing Up Wild&#8221; is a short documentary about the challenges a baby spider monkey named Kalu faces growing up in the jungle of the Osa Peninsula in Costa Rica. He must learn to climb, forage for food, communicate, face predators and make difficult decisions [&hellip;]<\/p>\n","protected":false},"author":2,"featured_media":6024,"parent":0,"menu_order":0,"comment_status":"closed","ping_status":"closed","template":"","meta":{"_vp_format_video_url":"","_vp_image_focal_point":[],"_vp_custom_popup_image":0,"_vp_format_audio_url":"","_vp_custom_thumbnail":0,"_vp_custom_thumbnail_focal_point":[],"_vp_hover_thumbnail":0,"_vp_hover_thumbnail_focal_point":[],"footnotes":""},"class_list":["post-6041","page","type-page","status-publish","has-post-thumbnail","hentry"],"_links":{"self":[{"href":"https:\/\/romanwilli.com\/de\/wp-json\/wp\/v2\/pages\/6041","targetHints":{"allow":["GET"]}}],"collection":[{"href":"https:\/\/romanwilli.com\/de\/wp-json\/wp\/v2\/pages"}],"about":[{"href":"https:\/\/romanwilli.com\/de\/wp-json\/wp\/v2\/types\/page"}],"author":[{"embeddable":true,"href":"https:\/\/romanwilli.com\/de\/wp-json\/wp\/v2\/users\/2"}],"replies":[{"embeddable":true,"href":"https:\/\/romanwilli.com\/de\/wp-json\/wp\/v2\/comments?post=6041"}],"version-history":[{"count":73,"href":"https:\/\/romanwilli.com\/de\/wp-json\/wp\/v2\/pages\/6041\/revisions"}],"predecessor-version":[{"id":6728,"href":"https:\/\/romanwilli.com\/de\/wp-json\/wp\/v2\/pages\/6041\/revisions\/6728"}],"wp:featuredmedia":[{"embeddable":true,"href":"https:\/\/romanwilli.com\/de\/wp-json\/wp\/v2\/media\/6024"}],"wp:attachment":[{"href":"https:\/\/romanwilli.com\/de\/wp-json\/wp\/v2\/media?parent=6041"}],"curies":[{"name":"wp","href":"https:\/\/api.w.org\/{rel}","templated":true}]}}