{"id":7522,"date":"2025-03-26T07:15:41","date_gmt":"2025-03-26T06:15:41","guid":{"rendered":"https:\/\/romanwilli.com\/?page_id=7522"},"modified":"2026-02-10T12:38:11","modified_gmt":"2026-02-10T11:38:11","slug":"offers","status":"publish","type":"page","link":"https:\/\/romanwilli.com\/de\/offers\/","title":{"rendered":"Angebote"},"content":{"rendered":"<div data-elementor-type=\"wp-page\" data-elementor-id=\"7522\" class=\"elementor elementor-7522\">\n\t\t\t\t\t\t<section class=\"elementor-section elementor-top-section elementor-element elementor-element-3bba54c elementor-section-boxed elementor-section-height-default elementor-section-height-default\" data-id=\"3bba54c\" data-element_type=\"section\" data-e-type=\"section\">\n\t\t\t\t\t\t<div class=\"elementor-container elementor-column-gap-default\">\n\t\t\t\t\t<div class=\"elementor-column elementor-col-100 elementor-top-column elementor-element elementor-element-70d5498\" data-id=\"70d5498\" data-element_type=\"column\" data-e-type=\"column\">\n\t\t\t<div class=\"elementor-widget-wrap elementor-element-populated\">\n\t\t\t\t\t\t<div class=\"elementor-element elementor-element-40c62da elementor-widget elementor-widget-heading\" data-id=\"40c62da\" data-element_type=\"widget\" data-e-type=\"widget\" data-widget_type=\"heading.default\">\n\t\t\t\t<div class=\"elementor-widget-container\">\n\t\t\t\t\t<h1 class=\"elementor-heading-title elementor-size-default\">Angebote<\/h1>\t\t\t\t<\/div>\n\t\t\t\t<\/div>\n\t\t\t\t<div class=\"elementor-element elementor-element-3c069b1 elementor-widget elementor-widget-text-editor\" data-id=\"3c069b1\" data-element_type=\"widget\" data-e-type=\"widget\" data-widget_type=\"text-editor.default\">\n\t\t\t\t<div class=\"elementor-widget-container\">\n\t\t\t\t\t\t\t\t\t<p>Ich teile meine Leidenschaft f\u00fcr Wildtiere und Filmemachen sehr gerne in spannenden Vortr\u00e4gen, praktischen Workshops und beeindruckenden Ausstellungen. Egal, ob Sie sich f\u00fcr Geschichten hinter den Kulissen interessieren, Fototechniken erlernen oder die Natur durch meine Linse erleben m\u00f6chten, es ist f\u00fcr jeden etwas dabei. Anstehende Vortr\u00e4ge und Workshops unten.<\/p>\t\t\t\t\t\t\t\t<\/div>\n\t\t\t\t<\/div>\n\t\t\t\t\t<\/div>\n\t\t<\/div>\n\t\t\t\t\t<\/div>\n\t\t<\/section>\n\t\t<div class=\"elementor-element elementor-element-e05f5c1 e-grid e-con-boxed e-con e-parent\" data-id=\"e05f5c1\" data-element_type=\"container\" data-e-type=\"container\" data-settings=\"{&quot;background_background&quot;:&quot;slideshow&quot;,&quot;background_slideshow_gallery&quot;:[],&quot;background_slideshow_loop&quot;:&quot;yes&quot;,&quot;background_slideshow_slide_duration&quot;:5000,&quot;background_slideshow_slide_transition&quot;:&quot;fade&quot;,&quot;background_slideshow_transition_duration&quot;:500}\">\n\t\t\t\t\t<div class=\"e-con-inner\">\n\t\t\t\t<div class=\"elementor-element elementor-element-f15c61c elementor-align-center elementor-widget elementor-widget-button\" data-id=\"f15c61c\" data-element_type=\"widget\" data-e-type=\"widget\" data-widget_type=\"button.default\">\n\t\t\t\t<div class=\"elementor-widget-container\">\n\t\t\t\t\t\t\t\t\t<div class=\"elementor-button-wrapper\">\n\t\t\t\t\t<a class=\"elementor-button elementor-button-link elementor-size-sm\" href=\"https:\/\/romanwilli.com\/de\/shop\/\">\n\t\t\t\t\t\t<span class=\"elementor-button-content-wrapper\">\n\t\t\t\t\t\t\t\t\t<span class=\"elementor-button-text\">Shop<\/span>\n\t\t\t\t\t<\/span>\n\t\t\t\t\t<\/a>\n\t\t\t\t<\/div>\n\t\t\t\t\t\t\t\t<\/div>\n\t\t\t\t<\/div>\n\t\t\t\t<div class=\"elementor-element elementor-element-ca67844 elementor-align-center elementor-widget elementor-widget-button\" data-id=\"ca67844\" data-element_type=\"widget\" data-e-type=\"widget\" data-widget_type=\"button.default\">\n\t\t\t\t<div class=\"elementor-widget-container\">\n\t\t\t\t\t\t\t\t\t<div class=\"elementor-button-wrapper\">\n\t\t\t\t\t<a class=\"elementor-button elementor-button-link elementor-size-sm\" href=\"https:\/\/romanwilli.com\/de\/workshops\/\">\n\t\t\t\t\t\t<span class=\"elementor-button-content-wrapper\">\n\t\t\t\t\t\t\t\t\t<span class=\"elementor-button-text\">Fotokurse<\/span>\n\t\t\t\t\t<\/span>\n\t\t\t\t\t<\/a>\n\t\t\t\t<\/div>\n\t\t\t\t\t\t\t\t<\/div>\n\t\t\t\t<\/div>\n\t\t\t\t<div class=\"elementor-element elementor-element-af5ccfc elementor-align-center elementor-widget elementor-widget-button\" data-id=\"af5ccfc\" data-element_type=\"widget\" data-e-type=\"widget\" data-widget_type=\"button.default\">\n\t\t\t\t<div class=\"elementor-widget-container\">\n\t\t\t\t\t\t\t\t\t<div class=\"elementor-button-wrapper\">\n\t\t\t\t\t<a class=\"elementor-button elementor-button-link elementor-size-sm\" href=\"https:\/\/romanwilli.com\/de\/talks\/\">\n\t\t\t\t\t\t<span class=\"elementor-button-content-wrapper\">\n\t\t\t\t\t\t\t\t\t<span class=\"elementor-button-text\">Vortr\u00e4ge<\/span>\n\t\t\t\t\t<\/span>\n\t\t\t\t\t<\/a>\n\t\t\t\t<\/div>\n\t\t\t\t\t\t\t\t<\/div>\n\t\t\t\t<\/div>\n\t\t\t\t<div class=\"elementor-element elementor-element-f26d04d elementor-align-center elementor-widget elementor-widget-button\" data-id=\"f26d04d\" data-element_type=\"widget\" data-e-type=\"widget\" data-widget_type=\"button.default\">\n\t\t\t\t<div class=\"elementor-widget-container\">\n\t\t\t\t\t\t\t\t\t<div class=\"elementor-button-wrapper\">\n\t\t\t\t\t<a class=\"elementor-button elementor-button-link elementor-size-sm\" href=\"https:\/\/romanwilli.com\/de\/exhibitions\/\">\n\t\t\t\t\t\t<span class=\"elementor-button-content-wrapper\">\n\t\t\t\t\t\t\t\t\t<span class=\"elementor-button-text\">Ausstellungen<\/span>\n\t\t\t\t\t<\/span>\n\t\t\t\t\t<\/a>\n\t\t\t\t<\/div>\n\t\t\t\t\t\t\t\t<\/div>\n\t\t\t\t<\/div>\n\t\t\t\t\t<\/div>\n\t\t\t\t<\/div>\n\t\t<div class=\"elementor-element elementor-element-db6901b e-grid e-con-boxed e-con e-parent\" data-id=\"db6901b\" data-element_type=\"container\" data-e-type=\"container\">\n\t\t\t\t\t<div class=\"e-con-inner\">\n\t\t\t\t<div class=\"elementor-element elementor-element-2598b77 elementor-widget elementor-widget-image\" data-id=\"2598b77\" data-element_type=\"widget\" data-e-type=\"widget\" data-widget_type=\"image.default\">\n\t\t\t\t<div class=\"elementor-widget-container\">\n\t\t\t\t\t\t\t\t\t\t\t\t\t\t\t\t<a href=\"https:\/\/romanwilli.com\/de\/talks\/\">\n\t\t\t\t\t\t\t<img fetchpriority=\"high\" decoding=\"async\" width=\"640\" height=\"427\" src=\"https:\/\/romanwilli.com\/wp-content\/uploads\/520900_Mitarbeitertagung_2026_142_Marcel-Burkhardt-1024x683.jpg\" class=\"attachment-large size-large wp-image-8290\" alt=\"\" srcset=\"https:\/\/romanwilli.com\/wp-content\/uploads\/520900_Mitarbeitertagung_2026_142_Marcel-Burkhardt-1024x683.jpg 1024w, https:\/\/romanwilli.com\/wp-content\/uploads\/520900_Mitarbeitertagung_2026_142_Marcel-Burkhardt-300x200.jpg 300w, https:\/\/romanwilli.com\/wp-content\/uploads\/520900_Mitarbeitertagung_2026_142_Marcel-Burkhardt-768x512.jpg 768w, https:\/\/romanwilli.com\/wp-content\/uploads\/520900_Mitarbeitertagung_2026_142_Marcel-Burkhardt-1536x1024.jpg 1536w, https:\/\/romanwilli.com\/wp-content\/uploads\/520900_Mitarbeitertagung_2026_142_Marcel-Burkhardt-2048x1366.jpg 2048w, https:\/\/romanwilli.com\/wp-content\/uploads\/520900_Mitarbeitertagung_2026_142_Marcel-Burkhardt-18x12.jpg 18w, https:\/\/romanwilli.com\/wp-content\/uploads\/520900_Mitarbeitertagung_2026_142_Marcel-Burkhardt-250x167.jpg 250w, https:\/\/romanwilli.com\/wp-content\/uploads\/520900_Mitarbeitertagung_2026_142_Marcel-Burkhardt-800x533.jpg 800w, https:\/\/romanwilli.com\/wp-content\/uploads\/520900_Mitarbeitertagung_2026_142_Marcel-Burkhardt-500x333.jpg 500w\" sizes=\"(max-width: 640px) 100vw, 640px\" \/>\t\t\t\t\t\t\t\t<\/a>\n\t\t\t\t\t\t\t\t\t\t\t\t\t\t\t<\/div>\n\t\t\t\t<\/div>\n\t\t\t\t<div class=\"elementor-element elementor-element-ed25962 elementor-hidden-mobile elementor-widget elementor-widget-image\" data-id=\"ed25962\" data-element_type=\"widget\" data-e-type=\"widget\" data-widget_type=\"image.default\">\n\t\t\t\t<div class=\"elementor-widget-container\">\n\t\t\t\t\t\t\t\t\t\t\t\t\t\t\t\t<a href=\"https:\/\/romanwilli.com\/de\/exhibitions\/\">\n\t\t\t\t\t\t\t<img decoding=\"async\" width=\"640\" height=\"427\" src=\"https:\/\/romanwilli.com\/wp-content\/uploads\/AkkuAusstellung-4-1024x683.jpg\" class=\"attachment-large size-large wp-image-5616\" alt=\"Vernissage akku Emmenbr\u00fccke\" srcset=\"https:\/\/romanwilli.com\/wp-content\/uploads\/AkkuAusstellung-4-1024x683.jpg 1024w, https:\/\/romanwilli.com\/wp-content\/uploads\/AkkuAusstellung-4-300x200.jpg 300w, https:\/\/romanwilli.com\/wp-content\/uploads\/AkkuAusstellung-4-768x512.jpg 768w, https:\/\/romanwilli.com\/wp-content\/uploads\/AkkuAusstellung-4-1536x1024.jpg 1536w, https:\/\/romanwilli.com\/wp-content\/uploads\/AkkuAusstellung-4-2048x1366.jpg 2048w, https:\/\/romanwilli.com\/wp-content\/uploads\/AkkuAusstellung-4-18x12.jpg 18w, https:\/\/romanwilli.com\/wp-content\/uploads\/AkkuAusstellung-4-250x167.jpg 250w, https:\/\/romanwilli.com\/wp-content\/uploads\/AkkuAusstellung-4-800x533.jpg 800w, https:\/\/romanwilli.com\/wp-content\/uploads\/AkkuAusstellung-4-500x333.jpg 500w\" sizes=\"(max-width: 640px) 100vw, 640px\" \/>\t\t\t\t\t\t\t\t<\/a>\n\t\t\t\t\t\t\t\t\t\t\t\t\t\t\t<\/div>\n\t\t\t\t<\/div>\n\t\t\t\t<div class=\"elementor-element elementor-element-3e261fe elementor-hidden-mobile elementor-widget elementor-widget-image\" data-id=\"3e261fe\" data-element_type=\"widget\" data-e-type=\"widget\" data-widget_type=\"image.default\">\n\t\t\t\t<div class=\"elementor-widget-container\">\n\t\t\t\t\t\t\t\t\t\t\t\t\t\t\t\t<a href=\"https:\/\/romanwilli.com\/de\/workshops\/\">\n\t\t\t\t\t\t\t<img decoding=\"async\" width=\"640\" height=\"427\" src=\"https:\/\/romanwilli.com\/wp-content\/uploads\/Workshop.jpg\" class=\"attachment-large size-large wp-image-7670\" alt=\"\" srcset=\"https:\/\/romanwilli.com\/wp-content\/uploads\/Workshop.jpg 1000w, https:\/\/romanwilli.com\/wp-content\/uploads\/Workshop-300x200.jpg 300w, https:\/\/romanwilli.com\/wp-content\/uploads\/Workshop-768x512.jpg 768w, https:\/\/romanwilli.com\/wp-content\/uploads\/Workshop-18x12.jpg 18w, https:\/\/romanwilli.com\/wp-content\/uploads\/Workshop-250x167.jpg 250w, https:\/\/romanwilli.com\/wp-content\/uploads\/Workshop-800x534.jpg 800w, https:\/\/romanwilli.com\/wp-content\/uploads\/Workshop-500x334.jpg 500w\" sizes=\"(max-width: 640px) 100vw, 640px\" \/>\t\t\t\t\t\t\t\t<\/a>\n\t\t\t\t\t\t\t\t\t\t\t\t\t\t\t<\/div>\n\t\t\t\t<\/div>\n\t\t\t\t<div class=\"elementor-element elementor-element-31f8b7c elementor-hidden-mobile elementor-widget elementor-widget-image\" data-id=\"31f8b7c\" data-element_type=\"widget\" data-e-type=\"widget\" data-widget_type=\"image.default\">\n\t\t\t\t<div class=\"elementor-widget-container\">\n\t\t\t\t\t\t\t\t\t\t\t\t\t\t\t\t<a href=\"https:\/\/romanwilli.com\/de\/shop\/\">\n\t\t\t\t\t\t\t<img loading=\"lazy\" decoding=\"async\" width=\"640\" height=\"426\" src=\"https:\/\/romanwilli.com\/wp-content\/uploads\/shop-1024x682.jpg\" class=\"attachment-large size-large wp-image-7727\" alt=\"\" srcset=\"https:\/\/romanwilli.com\/wp-content\/uploads\/shop-1024x682.jpg 1024w, https:\/\/romanwilli.com\/wp-content\/uploads\/shop-300x200.jpg 300w, https:\/\/romanwilli.com\/wp-content\/uploads\/shop-768x512.jpg 768w, https:\/\/romanwilli.com\/wp-content\/uploads\/shop-18x12.jpg 18w, https:\/\/romanwilli.com\/wp-content\/uploads\/shop-250x167.jpg 250w, https:\/\/romanwilli.com\/wp-content\/uploads\/shop-800x533.jpg 800w, https:\/\/romanwilli.com\/wp-content\/uploads\/shop-500x333.jpg 500w, https:\/\/romanwilli.com\/wp-content\/uploads\/shop.jpg 1100w\" sizes=\"(max-width: 640px) 100vw, 640px\" \/>\t\t\t\t\t\t\t\t<\/a>\n\t\t\t\t\t\t\t\t\t\t\t\t\t\t\t<\/div>\n\t\t\t\t<\/div>\n\t\t\t\t\t<\/div>\n\t\t\t\t<\/div>\n\t\t\t\t<section class=\"elementor-section elementor-top-section elementor-element elementor-element-8fc9c37 elementor-section-boxed elementor-section-height-default elementor-section-height-default\" data-id=\"8fc9c37\" data-element_type=\"section\" data-e-type=\"section\">\n\t\t\t\t\t\t<div class=\"elementor-container elementor-column-gap-default\">\n\t\t\t\t\t<div class=\"elementor-column elementor-col-100 elementor-top-column elementor-element elementor-element-b01a5e3\" data-id=\"b01a5e3\" data-element_type=\"column\" data-e-type=\"column\">\n\t\t\t<div class=\"elementor-widget-wrap elementor-element-populated\">\n\t\t\t\t\t\t<div class=\"elementor-element elementor-element-9c88e22 elementor-widget elementor-widget-heading\" data-id=\"9c88e22\" data-element_type=\"widget\" data-e-type=\"widget\" data-widget_type=\"heading.default\">\n\t\t\t\t<div class=\"elementor-widget-container\">\n\t\t\t\t\t<h1 class=\"elementor-heading-title elementor-size-default\">Anstehend<\/h1>\t\t\t\t<\/div>\n\t\t\t\t<\/div>\n\t\t\t\t<div class=\"elementor-element elementor-element-53457f0 elementor-widget elementor-widget-text-editor\" data-id=\"53457f0\" data-element_type=\"widget\" data-e-type=\"widget\" data-widget_type=\"text-editor.default\">\n\t\t\t\t<div class=\"elementor-widget-container\">\n\t\t\t\t\t\t\t\t\t<p><strong>Im Moment sind keine Workshops oder Vortr\u00e4ge geplant.<\/strong><\/p><p>\u00a0<\/p><p>Melden Sie sich <a href=\"https:\/\/mailchi.mp\/05b94756c947\/newsletter\" target=\"_blank\" rel=\"noopener\">bei meinem Newsletter an<\/a> um \u00fcber anstehende Vortr\u00e4ge und Workshops informiert zu werden.<br \/><br \/><br \/><\/p>\t\t\t\t\t\t\t\t<\/div>\n\t\t\t\t<\/div>\n\t\t\t\t<div class=\"elementor-element elementor-element-9166402 calender elementor-hidden-desktop elementor-hidden-tablet elementor-hidden-mobile elementor-widget elementor-widget-html\" data-id=\"9166402\" data-element_type=\"widget\" data-e-type=\"widget\" data-widget_type=\"html.default\">\n\t\t\t\t<div class=\"elementor-widget-container\">\n\t\t\t\t\t<!DOCTYPE html>\n<html lang=\"en\">\n<head>\n   <meta charset=\"UTF-8\">\n   <meta name=\"viewport\" content=\"width=device-width, initial-scale=1.0\">\n   <title>Event Calendar<\/title>\n   <style>\n       .fa { padding-right: 10px; }\n       .fa-map-marker-alt { padding-left: 5px; }\n       .calendar h3 {\n           color: #1c7c7c!important;\n           margin-top: 13px;\n           line-height: 0px!important;\n           font-family: 'Roboto', sans-serif;\n           font-size: 1.25rem; \/* Adjust h3 size to a relative size *\/\n       }\n       .calendar p {\n           font-family: 'Roboto', sans-serif !important;\n           line-height: 1.6;\n           margin: 0;\n           padding: 0;\n           font-size: 14px!important; \/* Set a base font size *\/\n       }\n       .calendar {\n           width: 100%;\n           margin: 0px;\n           border: 1px solid #ddd;\n           border-radius: 8px;\n           overflow: hidden;\n           box-shadow: 0 4px 6px rgba(0, 0, 0, 0.1);\n           padding: 5px;\n           background-color: #ffffff;\n       }\n       .event {\n           padding: 10px;\n           border-bottom: 1px solid #ddd;\n           cursor: pointer;\n           background-color: #f9f9f9;\n       }\n       .event:last-child {\n           border-bottom: none;\n       }\n       .event:hover {\n           background-color: #f0f0f0;\n       }\n       .event-details {\n           display: none;\n           padding: 10px;\n           margin-top: 5px;\n           background-color: #fff;\n           max-height: 0;\n           overflow: hidden;\n           opacity: 0;\n           transition: max-height 0.4s ease-out, opacity 0.4s ease-out;\n       }\n       .event-details.open {\n           max-height: 500px; \/* Higher max-height for smoother transition *\/\n           opacity: 1;\n       }\n       .event a {\n           color: #1c7c7c;\n           text-decoration: none;\n       }\n       .event a:hover {\n           text-decoration: underline;\n       }\n       .calendar-buttons {\n           display: none!important;\n           margin-top: 10px;\n           display: flex; \/* Flexbox for horizontal button alignment *\/\n           gap: 8px; \/* Add a gap between the buttons *\/\n           flex-wrap: wrap; \/* Allow buttons to wrap on mobile *\/\n       }\n       .calendar-buttons a {\n           padding: 5px 10px;\n           background-color: #1c7c7c;\n           color: #fff;\n           border-radius: 4px;\n           text-decoration: none;\n           font-size: 14px;\n           font-family: 'Roboto', sans-serif !important; \/* Apply Roboto font *\/\n           white-space: nowrap; \/* Prevent button text from wrapping *\/\n           margin-bottom: 8px; \/* Add some margin to space out buttons *\/\n           width: auto;\n       }\n       .calendar-buttons a:hover {\n           background-color: #145c5c;\n       }\n\n       \/* For mobile, adjust font sizes and padding *\/\n       @media (max-width: 600px) {\n           .fa { padding-right: 6px; }\n           .calendar p {\n               font-size: 10px; \/* Reduce font size for mobile *\/\n           }\n           .calender h3 {\n               margin-top: 1px;\n               margin-bottom: 10px;\n               font-size: 1.1rem!important; \/* Adjust h3 size for mobile *\/\n               line-height: 25px!important;\n           }\n           .calendar-buttons a {\n               font-size: 12px;\n               padding: 8px 16px; \/* Adjust button size for mobile *\/\n               width: 100%; \/* Ensure buttons fill the screen width *\/\n               box-sizing: border-box; \/* Ensure buttons take full width without cutting off *\/\n               margin-bottom: 8px; \/* Add margin to stack buttons properly *\/\n           }\n           .event {\n               padding: 8px; \/* Adjust padding on mobile *\/\n           }\n\n           \/* Add day icon next to date *\/\n           .event p:first-child {\n               display: flex;\n               align-items: center;\n           }\n\n           \/* More space between calendar icon and date *\/\n           .event p:first-child i {\n               font-size: 20px;\n               margin-right: 12px; \/* Add more space between the icon and date text *\/\n           }\n\n           \/* Add an icon for description *\/\n           .event p:last-child {\n               display: flex;\n               align-items: center;\n           }\n\n           .event p:last-child i {\n               font-size: 18px;\n               margin-right: 10px; \/* Space between the icon and the description text *\/\n           }\n       }\n\n       \/* Extra Mobile: Make sure buttons have enough space and no overlap *\/\n       @media (max-width: 480px) {\n           .calendar-buttons a {\n               font-size: 14px !important;\n               padding: 10px;}\n               .calender h3 {line-height: 25px!important;}\n           }\n       }\n   <\/style>\n<\/head>\n<body>\n   <div class=\"calendar\">\n\n      \n                  <div class=\"event\" onclick=\"toggleDetails(this)\">\n           <h3>Vortrag \"Lebenswertes oberstes Toggenburg\"<\/h3>\n           <p><i class=\"fa fa-calendar-day\"><\/i><strong>7.02.2026 20:15<\/strong> <i class=\"fa fa-map-marker-alt\"><\/i><strong> Wildhaus<\/strong><\/p>\n           <div class=\"event-details\">\n               <p><a href=\"https:\/\/www.outdooractive.com\/de\/event\/ostschweiz-liechtenstein\/verborgene-tierwelt-in-unserer-nachbarschaft\/809600949\/\" target=\"_blank\">Mehr Informationen.<\/a><\/p>\n           <\/div>\n           <\/div>       \n                  <div class=\"event\" onclick=\"toggleDetails(this)\">\n           <h3>NaturVision Filmtage<\/h3>\n           <p><i class=\"fa fa-calendar-day\"><\/i><strong>8.02.2026 13:00<\/strong> <i class=\"fa fa-map-marker-alt\"><\/i><strong> Naturmuseum St. Gallen<\/strong><\/p>\n           <div class=\"event-details\">\n               <p>Filmscreening von THE LEAP BENEATH, SANDCASTLE &amp; RISKY ROUTES mit anschliessendem Q&amp;A.<a href=\"https:\/\/naturmuseumsg.ch\/wp-content\/uploads\/2024\/12\/Flyer_SG_2026_260107_LR.pdf\" target=\"_blank\">Mehr Informationen.<\/a><\/p>\n           <\/div>\n           <\/div>\n   <\/div>\n   \n   \n\n   <script>\n       let currentlyOpenEvent = null;\n\n       function toggleDetails(eventElement) {\n           const details = eventElement.querySelector('.event-details');\n           const isOpen = details.style.display === 'block';\n           if (currentlyOpenEvent && currentlyOpenEvent !== eventElement) {\n               const openDetails = currentlyOpenEvent.querySelector('.event-details');\n               openDetails.classList.remove('open');\n               setTimeout(() => {\n                   openDetails.style.display = 'none';\n               }, 400);\n           }\n           if (!isOpen) {\n               details.style.display = 'block';\n               setTimeout(() => {\n                   details.classList.add('open');\n               }, 10);\n               currentlyOpenEvent = eventElement;\n           } else {\n               details.classList.remove('open');\n               setTimeout(() => {\n                   details.style.display = 'none';\n               }, 400);\n               currentlyOpenEvent = null;\n           }\n       }\n   <\/script>\n<\/body>\n<\/html>\n\t\t\t\t<\/div>\n\t\t\t\t<\/div>\n\t\t\t\t\t<\/div>\n\t\t<\/div>\n\t\t\t\t\t<\/div>\n\t\t<\/section>\n\t\t\t\t<\/div>","protected":false},"excerpt":{"rendered":"<p>Offers I love sharing my passion for wildlife and storytelling through engaging talks, hands-on workshops, and immersive exhibitions. Whether you&#8217;re interested in behind-the-scenes stories from the field, learning photography techniques, or experiencing nature through my lens, there&#8217;s something for everyone. Check out my upcoming Workshops and Talks below! Shop Workshops (Film-)Talks Exhibitions Upcoming Currently there [&hellip;]<\/p>\n","protected":false},"author":2,"featured_media":0,"parent":0,"menu_order":0,"comment_status":"closed","ping_status":"closed","template":"","meta":{"_vp_format_video_url":"","_vp_image_focal_point":[],"_vp_custom_popup_image":0,"_vp_format_audio_url":"","_vp_custom_thumbnail":0,"_vp_custom_thumbnail_focal_point":[],"_vp_hover_thumbnail":0,"_vp_hover_thumbnail_focal_point":[],"footnotes":""},"class_list":["post-7522","page","type-page","status-publish","hentry"],"_links":{"self":[{"href":"https:\/\/romanwilli.com\/de\/wp-json\/wp\/v2\/pages\/7522","targetHints":{"allow":["GET"]}}],"collection":[{"href":"https:\/\/romanwilli.com\/de\/wp-json\/wp\/v2\/pages"}],"about":[{"href":"https:\/\/romanwilli.com\/de\/wp-json\/wp\/v2\/types\/page"}],"author":[{"embeddable":true,"href":"https:\/\/romanwilli.com\/de\/wp-json\/wp\/v2\/users\/2"}],"replies":[{"embeddable":true,"href":"https:\/\/romanwilli.com\/de\/wp-json\/wp\/v2\/comments?post=7522"}],"version-history":[{"count":142,"href":"https:\/\/romanwilli.com\/de\/wp-json\/wp\/v2\/pages\/7522\/revisions"}],"predecessor-version":[{"id":8297,"href":"https:\/\/romanwilli.com\/de\/wp-json\/wp\/v2\/pages\/7522\/revisions\/8297"}],"wp:attachment":[{"href":"https:\/\/romanwilli.com\/de\/wp-json\/wp\/v2\/media?parent=7522"}],"curies":[{"name":"wp","href":"https:\/\/api.w.org\/{rel}","templated":true}]}}